{"id":10,"date":"2016-03-14T13:58:17","date_gmt":"2016-03-14T13:58:17","guid":{"rendered":"http:\/\/www.ded.ufla.br\/forumsulmineiroinfantil\/?page_id=10"},"modified":"2016-03-23T12:30:33","modified_gmt":"2016-03-23T12:30:33","slug":"carta_principios","status":"publish","type":"page","link":"http:\/\/www.ded.ufla.br\/forumsulmineiroinfantil\/index.php\/carta_principios\/","title":{"rendered":"Carta de Princ\u00edpios"},"content":{"rendered":"<p><strong>Carta de Princ\u00edpios<\/strong><\/p>\n<p>O F\u00f3rum Mineiro de Educa\u00e7\u00e3o Infantil \u00e9 um espa\u00e7o suprapartid\u00e1rio articulado por diversas institui\u00e7\u00f5es, \u00f3rg\u00e3os e entidades comprometidas com a expans\u00e3o e melhoria da Educa\u00e7\u00e3o Infantil em Minas Gerais.<\/p>\n<p>O F\u00f3rum tem como objetivo principal a cria\u00e7\u00e3o de uma inst\u00e2ncia de discuss\u00e3o, mobiliza\u00e7\u00e3o e divulga\u00e7\u00e3o das pol\u00edticas para a Educa\u00e7\u00e3o Infantil no Estado.<\/p>\n<p>Nesta perspectiva tem car\u00e1ter mobilizador, informativo e propositivo e deve garantir o amplo e permanente debate democr\u00e1tico de id\u00e9ias. \u00c8 um espa\u00e7o de socializa\u00e7\u00e3o de informa\u00e7\u00f5es, articula\u00e7\u00e3o e mobiliza\u00e7\u00e3o de parceiros visando uma conjun\u00e7\u00e3o de esfor\u00e7os para promover a Educa\u00e7\u00e3o Infantil em Minas Gerais e subsidiar a atua\u00e7\u00e3o das institui\u00e7\u00f5es participantes.<\/p>\n<p>A concep\u00e7\u00e3o de Educa\u00e7\u00e3o Infantil que sustenta as a\u00e7\u00f5es do FMEI \u00e9 comprometida com os direitos fundamentais das crian\u00e7as como cidad\u00e3s e com a consci\u00eancia coletiva sobre a import\u00e2ncia dos primeiros anos de vida no desenvolvimento do ser humano.<\/p>\n<p>S\u00e3o princ\u00edpios b\u00e1sicos do F\u00f3rum:<\/p>\n<p>&#8211; A luta coletiva e permanente pela efetiva\u00e7\u00e3o dos direitos fundamentais das crian\u00e7as assegurados por lei, a saber:<\/p>\n<ul>\n<li>O dever do Estado com a educa\u00e7\u00e3o ser\u00e1 efetivado mediante a garantia de (&#8230;) educa\u00e7\u00e3o infantil, em creche e pr\u00e9-escola, \u00e0s crian\u00e7as at\u00e9 5 (cinco) anos de idade. (Art 208; Inciso IV da constitui\u00e7\u00e3o Federal de 1998).<\/li>\n<li>\u00c9 dever do Estado assegurar \u00e0 crian\u00e7a e ao adolescente (&#8230;) atendimento em creche e pr\u00e9 \u2013 escola \u00e0s crian\u00e7as de zero a seis anos de idade. (Art 54; Inciso IV do Estatuto da crian\u00e7a e do Adolescente).<\/li>\n<li>O ensino ser\u00e1 ministrado com base nos seguintes princ\u00edpios:<\/li>\n<\/ul>\n<ol>\n<li>Igualdade de condi\u00e7\u00f5es para o acesso e perman\u00eancia na escola ;<br \/>\nII. Liberdade de aprender, ensinar, pesquisar e divulgar a cultura, o pensamento, a arte e o saber;<br \/>\nIII. Pluralismo de id\u00e9ias e de concep\u00e7\u00f5es pedag\u00f3gicas;<br \/>\nIV. Respeito \u00e0 liberdade e apre\u00e7o \u00e0 toler\u00e2ncia;<br \/>\nV. Coexist\u00eancia de institui\u00e7\u00f5es p\u00fablicas e privadas de ensino;<br \/>\nVI. Gratuidade do ensino p\u00fablico em estabelecimentos oficias;<br \/>\nVII. Valoriza\u00e7\u00e3o do profissional da educa\u00e7\u00e3o escolar;<br \/>\nVIII. Gest\u00e3o democr\u00e1tica do ensino p\u00fablico, na forma desta Lei e da legisla\u00e7\u00e3o dos sistemas de ensino;<br \/>\nIX. Garantia de padr\u00e3o de qualidade;<br \/>\nX. Valoriza\u00e7\u00e3o da experi\u00eancia extra-escolar;<br \/>\nXI. Vincula\u00e7\u00e3o entre a educa\u00e7\u00e3o escolar, o trabalho e as pr\u00e1ticas s\u00f3cias. (Art 3\u00ba da LDB \u2013 Lei de Diretrizes e Bases da Educa\u00e7\u00e3o Nacional \u2013 Lei n\u00ba 9394\/96)<\/li>\n<\/ol>\n<ul>\n<li>Da composi\u00e7\u00e3o dos n\u00edveis escolares<\/li>\n<\/ul>\n<p>A educa\u00e7\u00e3o escolar se comp\u00f5e de:<br \/>\nI. Educa\u00e7\u00e3o b\u00e1sica, formada pela educa\u00e7\u00e3o infantil, ensino fundamental e ensino m\u00e9dio;<br \/>\nII. Educa\u00e7\u00e3o Superior. (Cap I; Art 21 da LDB)<\/p>\n<ul>\n<li>A educa\u00e7\u00e3o infantil, primeira etapa da educa\u00e7\u00e3o b\u00e1sica, tem como finalidade o desenvolvimento integral da crian\u00e7a at\u00e9 seis anos de idade, em seus aspectos f\u00edsico, psicol\u00f3gico, intelectual e social, complementando a a\u00e7\u00e3o da fam\u00edlia e da comunidade. (Art 29 da LDB)<\/li>\n<li>A educa\u00e7\u00e3o infantil ser\u00e1 oferecida em:<\/li>\n<\/ul>\n<ol>\n<li>Creches ou entidades equivalentes, para crian\u00e7as de at\u00e9 tr\u00eas anos de idade;<br \/>\nII. Pr\u00e9-escolas, para as crian\u00e7as de quatro a seis anos de idade. (Art 30 da LDB)<\/li>\n<\/ol>\n<ul>\n<li>A forma\u00e7\u00e3o de docentes para atuar na educa\u00e7\u00e3o b\u00e1sica far-se-\u00e1 em n\u00edvel superior, em curso de licenciatura de gradua\u00e7\u00e3o plena, admitida, como forma\u00e7\u00e3o m\u00ednima para o exerc\u00edcio do magist\u00e9rio na educa\u00e7\u00e3o infantil e nas quatro primeiras s\u00e9ries do ensino fundamental, a oferecida em n\u00edvel m\u00e9dio, na modalidade Normal. (Art 62 da LDB)<\/li>\n<\/ul>\n<p>&#8211; O entendimento de que, dadas as particularidades do desenvolvimento da crian\u00e7a de zero a seis anos, a Educa\u00e7\u00e3o Infantil cumpre duas fun\u00e7\u00f5es indispens\u00e1veis e indissoci\u00e1veis: educar e cuidar.<\/p>\n","protected":false},"excerpt":{"rendered":"<p>Carta de Princ\u00edpios O F\u00f3rum Mineiro de Educa\u00e7\u00e3o Infantil \u00e9 um espa\u00e7o suprapartid\u00e1rio articulado por diversas institui\u00e7\u00f5es, \u00f3rg\u00e3os e entidades comprometidas com a expans\u00e3o e melhoria da Educa\u00e7\u00e3o Infantil em Minas Gerais. O F\u00f3rum tem como objetivo principal a cria\u00e7\u00e3o de uma inst\u00e2ncia de discuss\u00e3o, mobiliza\u00e7\u00e3o e divulga\u00e7\u00e3o das pol\u00edticas para a Educa\u00e7\u00e3o Infantil no &hellip; <a href=\"http:\/\/www.ded.ufla.br\/forumsulmineiroinfantil\/index.php\/carta_principios\/\" class=\"more-link\">Continue lendo <span class=\"screen-reader-text\">Carta de Princ\u00edpios<\/span> <span class=\"meta-nav\">&rarr;<\/span><\/a><\/p>\n","protected":false},"author":4,"featured_media":0,"parent":0,"menu_order":0,"comment_status":"closed","ping_status":"closed","template":"","meta":[],"_links":{"self":[{"href":"http:\/\/www.ded.ufla.br\/forumsulmineiroinfantil\/index.php\/wp-json\/wp\/v2\/pages\/10"}],"collection":[{"href":"http:\/\/www.ded.ufla.br\/forumsulmineiroinfantil\/index.php\/wp-json\/wp\/v2\/pages"}],"about":[{"href":"http:\/\/www.ded.ufla.br\/forumsulmineiroinfantil\/index.php\/wp-json\/wp\/v2\/types\/page"}],"author":[{"embeddable":true,"href":"http:\/\/www.ded.ufla.br\/forumsulmineiroinfantil\/index.php\/wp-json\/wp\/v2\/users\/4"}],"replies":[{"embeddable":true,"href":"http:\/\/www.ded.ufla.br\/forumsulmineiroinfantil\/index.php\/wp-json\/wp\/v2\/comments?post=10"}],"version-history":[{"count":4,"href":"http:\/\/www.ded.ufla.br\/forumsulmineiroinfantil\/index.php\/wp-json\/wp\/v2\/pages\/10\/revisions"}],"predecessor-version":[{"id":49,"href":"http:\/\/www.ded.ufla.br\/forumsulmineiroinfantil\/index.php\/wp-json\/wp\/v2\/pages\/10\/revisions\/49"}],"wp:attachment":[{"href":"http:\/\/www.ded.ufla.br\/forumsulmineiroinfantil\/index.php\/wp-json\/wp\/v2\/media?parent=10"}],"curies":[{"name":"wp","href":"https:\/\/api.w.org\/{rel}","templated":true}]}}