{"id":21,"date":"2016-03-14T14:09:36","date_gmt":"2016-03-14T14:09:36","guid":{"rendered":"http:\/\/www.ded.ufla.br\/forumsulmineiroinfantil\/?page_id=21"},"modified":"2017-08-10T18:58:52","modified_gmt":"2017-08-10T18:58:52","slug":"textos","status":"publish","type":"page","link":"http:\/\/www.ded.ufla.br\/forumsulmineiroinfantil\/index.php\/textos\/","title":{"rendered":"Textos"},"content":{"rendered":"<p><a href=\"http:\/\/www.ded.ufla.br\/forumsulmineiroinfantil\/wp-content\/uploads\/2016\/03\/Base-Nacional-Comum-Curricular.zip\">Base Nacional Comum Curricular<\/a><\/p>\n<p><a href=\"http:\/\/www.ded.ufla.br\/forumsulmineiroinfantil\/wp-content\/uploads\/2016\/03\/CARTA-SOROCABA-1.docx\">CARTA SOROCABA<\/a><\/p>\n<p><a href=\"http:\/\/www.ded.ufla.br\/forumsulmineiroinfantil\/wp-content\/uploads\/2016\/03\/128\u00ba-encontro-O-l\u00fadico-na-EI-1.ppt\">128\u00ba encontro &#8211; O l\u00fadico na EI<\/a><\/p>\n<p>127\u00ba\u00a0<a href=\"http:\/\/www.ded.ufla.br\/forumsulmineiroinfantil\/wp-content\/uploads\/2016\/03\/frumtrabalhosemgrupo.zip\">forumtrabalhosemgrupo<\/a><\/p>\n<p><a href=\"http:\/\/www.ded.ufla.br\/forumsulmineiroinfantil\/wp-content\/uploads\/2016\/03\/127-FSMEI-TP-Apresenta\u00e7\u00e3o.pdf\">127\u00ba FSMEI TP Apresenta\u00e7\u00e3o<\/a><\/p>\n<p><a href=\"http:\/\/www.ded.ufla.br\/forumsulmineiroinfantil\/wp-content\/uploads\/2016\/03\/127-FSMEI-TP-Apresenta\u00e7\u00e3o.pdf\">126\u00ba\u00a0<\/a><a href=\"http:\/\/www.ded.ufla.br\/forumsulmineiroinfantil\/wp-content\/uploads\/2017\/06\/Carta-de-Carrancas-FSMEI.pdf\">Carta de Carrancas FSMEI<\/a><a href=\"http:\/\/www.ded.ufla.br\/forumsulmineiroinfantil\/wp-content\/uploads\/2016\/03\/127-FSMEI-TP-Apresenta\u00e7\u00e3o.pdf\">\u00a0&#8211; Posicionamento do FSMEI em rela\u00e7\u00e3o a 3\u00aa vers\u00e3o da BNCC<\/a><\/p>\n<p>125\u00ba <a href=\"http:\/\/g1.globo.com\/mg\/sul-de-minas\/jornal-da-eptv-2edicao\/videos\/t\/edicoes\/v\/forum-sul-mineiro-de-educacao-infantil-discute-violencia-sexual-contra-criancas\/5765632\/\">Borbulhando enfrentamentos \u00e0s viol\u00eancias sexuais nas inf\u00e2ncias no sul de MG<\/a><\/p>\n<p><a href=\"http:\/\/www.ded.ufla.br\/forumsulmineiroinfantil\/wp-content\/uploads\/2016\/03\/Posi\u00e7\u00e3o-do-ProjetoLeitura-e-Escrita-na-EI-sobre-BNCC.pdf\">Posi\u00e7\u00e3o do ProjetoLeitura e Escrita na EI sobre BNCC<\/a><\/p>\n<p><a href=\"http:\/\/www.ded.ufla.br\/forumsulmineiroinfantil\/wp-content\/uploads\/2016\/03\/118\u00ba-F\u00d3RUM-SUL-MINEIRO-DE-EDUCA\u00c7\u00c3O-INFANTI1.pdf\">118\u00ba F\u00d3RUM SUL MINEIRO DE EDUCA\u00c7\u00c3O INFANTI<\/a>L<\/p>\n<p><a href=\"http:\/\/www.ded.ufla.br\/forumsulmineiroinfantil\/wp-content\/uploads\/2016\/03\/MIEIB-CONTRA-EMENDA-MEDIA-PROVIS\u00d3RIA-2016-FINALIZADO.pdf\">MIEIB CONTRA EMENDA MEDIA PROVIS\u00d3RIA 2016 FINALIZADO<\/a><\/p>\n<p><a href=\"http:\/\/www.ded.ufla.br\/forumsulmineiroinfantil\/wp-content\/uploads\/2016\/05\/117-f\u00f3rum-Mem\u00f3ria-e-Proposi\u00e7\u00f5es-final.doc\">117 f\u00f3rum Mem\u00f3ria e Proposi\u00e7\u00f5es final<\/a><\/p>\n<p><a href=\"http:\/\/www.ded.ufla.br\/forumsulmineiroinfantil\/wp-content\/uploads\/2016\/05\/Parecer_DED_UFLA_LDB.pdf\">Parecer_PERSPECTIVAS ACERCA DA OBRIGATORIEDADE DO ENSINO PARA CRIAN\u00c7AS E ADOLESCENTES: uma (breve) an\u00e1lise dos efeitos do descumprimento das determina\u00e7\u00f5es legais e constitucionais pelos pais ou respons\u00e1veis.<\/a><\/p>\n<p><a href=\"http:\/\/www.ded.ufla.br\/forumsulmineiroinfantil\/wp-content\/uploads\/2016\/03\/SINTESEINCIDENCIAMIEIB.pptx\">Os desafios da Educa\u00e7\u00e3o Infantil nas Pol\u00edticas Educacionais Atuais<\/a>\u00a0&#8211; Mieib<\/p>\n<p>97\u00ba\u00a0<a href=\"http:\/\/www.ded.ufla.br\/forumsulmineiroinfantil\/wp-content\/uploads\/2016\/03\/Brinquedoteca-espa\u00e7o-educador-na-educa\u00e7\u00e3o-infantil-SME-de-Alpin\u00f3polis.pdf\">Brinquedoteca espa\u00e7o educador na educa\u00e7\u00e3o infantil &#8211; SME de Alpin\u00f3polis<\/a><\/p>\n<p>97\u00ba<a href=\"http:\/\/www.ded.ufla.br\/forumsulmineiroinfantil\/wp-content\/uploads\/2016\/03\/Teoria-do-Jogo-e-forma\u00e7\u00e3o-docente-prof.-F\u00e1bio-Reis.pdf\">Teoria do Jogo e forma\u00e7\u00e3o docente prof. F\u00e1bio Reis<\/a><\/p>\n<p>Convites F\u00f3rum<\/p>\n<div id='gallery-1' class='gallery galleryid-21 gallery-columns-3 gallery-size-thumbnail'><figure class='gallery-item'>\n\t\t\t<div class='gallery-icon landscape'>\n\t\t\t\t<a href='http:\/\/www.ded.ufla.br\/forumsulmineiroinfantil\/index.php\/textos\/mieib\/'><img width=\"150\" height=\"150\" src=\"http:\/\/www.ded.ufla.br\/forumsulmineiroinfantil\/wp-content\/uploads\/2016\/03\/MIEIB-150x150.jpg\" class=\"attachment-thumbnail size-thumbnail\" alt=\"\" loading=\"lazy\" \/><\/a>\n\t\t\t<\/div><\/figure><figure class='gallery-item'>\n\t\t\t<div class='gallery-icon portrait'>\n\t\t\t\t<a href='http:\/\/www.ded.ufla.br\/forumsulmineiroinfantil\/index.php\/textos\/convite-129\/'><img width=\"150\" height=\"150\" src=\"http:\/\/www.ded.ufla.br\/forumsulmineiroinfantil\/wp-content\/uploads\/2016\/03\/convite-129-150x150.jpg\" class=\"attachment-thumbnail size-thumbnail\" alt=\"\" loading=\"lazy\" \/><\/a>\n\t\t\t<\/div><\/figure><figure class='gallery-item'>\n\t\t\t<div class='gallery-icon landscape'>\n\t\t\t\t<a href='http:\/\/www.ded.ufla.br\/forumsulmineiroinfantil\/index.php\/textos\/127o-tres-pontas\/'><img width=\"150\" height=\"150\" src=\"http:\/\/www.ded.ufla.br\/forumsulmineiroinfantil\/wp-content\/uploads\/2016\/03\/127\u00ba-tres-pontas-150x150.jpg\" class=\"attachment-thumbnail size-thumbnail\" alt=\"\" loading=\"lazy\" \/><\/a>\n\t\t\t<\/div><\/figure><figure class='gallery-item'>\n\t\t\t<div class='gallery-icon portrait'>\n\t\t\t\t<a href='http:\/\/www.ded.ufla.br\/forumsulmineiroinfantil\/index.php\/2017\/04\/18\/126o-forum-sul-mineiro-de-educacao-infantil\/17903451_781670498680983_4446653678802061795_n\/'><img width=\"150\" height=\"150\" src=\"http:\/\/www.ded.ufla.br\/forumsulmineiroinfantil\/wp-content\/uploads\/2017\/04\/17903451_781670498680983_4446653678802061795_n-150x150.jpg\" class=\"attachment-thumbnail size-thumbnail\" alt=\"\" loading=\"lazy\" \/><\/a>\n\t\t\t<\/div><\/figure><figure class='gallery-item'>\n\t\t\t<div class='gallery-icon landscape'>\n\t\t\t\t<a href='http:\/\/www.ded.ufla.br\/forumsulmineiroinfantil\/index.php\/2017\/03\/10\/forum-2017\/125-convite-forum\/'><img width=\"150\" height=\"150\" src=\"http:\/\/www.ded.ufla.br\/forumsulmineiroinfantil\/wp-content\/uploads\/2017\/03\/125-convite-forum-150x150.jpg\" class=\"attachment-thumbnail size-thumbnail\" alt=\"\" loading=\"lazy\" \/><\/a>\n\t\t\t<\/div><\/figure><figure class='gallery-item'>\n\t\t\t<div class='gallery-icon landscape'>\n\t\t\t\t<a href='http:\/\/www.ded.ufla.br\/forumsulmineiroinfantil\/index.php\/2017\/03\/08\/aconteceu-no-dia-23-de-fevereiro-o-1o-encontro-do-forum-sul-mineiro-de-educacao-infantil-onde-houve-o-planejamento-do-movimento-para-o-ano-de-2017\/forum-1\/'><img width=\"150\" height=\"150\" src=\"http:\/\/www.ded.ufla.br\/forumsulmineiroinfantil\/wp-content\/uploads\/2017\/03\/f\u00f3rum-1-150x150.png\" class=\"attachment-thumbnail size-thumbnail\" alt=\"\" loading=\"lazy\" \/><\/a>\n\t\t\t<\/div><\/figure><figure class='gallery-item'>\n\t\t\t<div class='gallery-icon landscape'>\n\t\t\t\t<a href='http:\/\/www.ded.ufla.br\/forumsulmineiroinfantil\/index.php\/2016\/06\/14\/forum-coqueiral\/forum-convite2\/'><img width=\"150\" height=\"150\" src=\"http:\/\/www.ded.ufla.br\/forumsulmineiroinfantil\/wp-content\/uploads\/2016\/06\/forum-convite2-150x150.png\" class=\"attachment-thumbnail size-thumbnail\" alt=\"\" loading=\"lazy\" \/><\/a>\n\t\t\t<\/div><\/figure><figure class='gallery-item'>\n\t\t\t<div class='gallery-icon landscape'>\n\t\t\t\t<a href='http:\/\/www.ded.ufla.br\/forumsulmineiroinfantil\/index.php\/textos\/103o-forum\/'><img width=\"150\" height=\"150\" src=\"http:\/\/www.ded.ufla.br\/forumsulmineiroinfantil\/wp-content\/uploads\/2016\/03\/103\u00ba-Forum-150x150.jpg\" class=\"attachment-thumbnail size-thumbnail\" alt=\"\" loading=\"lazy\" \/><\/a>\n\t\t\t<\/div><\/figure><figure class='gallery-item'>\n\t\t\t<div class='gallery-icon landscape'>\n\t\t\t\t<a href='http:\/\/www.ded.ufla.br\/forumsulmineiroinfantil\/index.php\/textos\/99o-forum\/'><img width=\"150\" height=\"150\" src=\"http:\/\/www.ded.ufla.br\/forumsulmineiroinfantil\/wp-content\/uploads\/2016\/03\/99\u00ba-Forum-150x150.jpg\" class=\"attachment-thumbnail size-thumbnail\" alt=\"\" loading=\"lazy\" \/><\/a>\n\t\t\t<\/div><\/figure><figure class='gallery-item'>\n\t\t\t<div class='gallery-icon portrait'>\n\t\t\t\t<a href='http:\/\/www.ded.ufla.br\/forumsulmineiroinfantil\/index.php\/textos\/100o-forum\/'><img width=\"150\" height=\"150\" src=\"http:\/\/www.ded.ufla.br\/forumsulmineiroinfantil\/wp-content\/uploads\/2016\/03\/100\u00ba-F\u00f3rum-150x150.jpg\" class=\"attachment-thumbnail size-thumbnail\" alt=\"\" loading=\"lazy\" \/><\/a>\n\t\t\t<\/div><\/figure><figure class='gallery-item'>\n\t\t\t<div class='gallery-icon landscape'>\n\t\t\t\t<a href='http:\/\/www.ded.ufla.br\/forumsulmineiroinfantil\/index.php\/textos\/117-forum\/'><img width=\"150\" height=\"150\" src=\"http:\/\/www.ded.ufla.br\/forumsulmineiroinfantil\/wp-content\/uploads\/2016\/03\/117-forum-150x150.jpg\" class=\"attachment-thumbnail size-thumbnail\" alt=\"\" loading=\"lazy\" \/><\/a>\n\t\t\t<\/div><\/figure><figure class='gallery-item'>\n\t\t\t<div class='gallery-icon landscape'>\n\t\t\t\t<a href='http:\/\/www.ded.ufla.br\/forumsulmineiroinfantil\/index.php\/textos\/97o-forum\/'><img width=\"150\" height=\"150\" src=\"http:\/\/www.ded.ufla.br\/forumsulmineiroinfantil\/wp-content\/uploads\/2016\/03\/97\u00ba-Forum-150x150.jpg\" class=\"attachment-thumbnail size-thumbnail\" alt=\"\" loading=\"lazy\" \/><\/a>\n\t\t\t<\/div><\/figure><figure class='gallery-item'>\n\t\t\t<div class='gallery-icon portrait'>\n\t\t\t\t<a href='http:\/\/www.ded.ufla.br\/forumsulmineiroinfantil\/index.php\/textos\/96o-forum\/'><img width=\"150\" height=\"150\" src=\"http:\/\/www.ded.ufla.br\/forumsulmineiroinfantil\/wp-content\/uploads\/2016\/03\/96\u00ba-Forum-150x150.jpg\" class=\"attachment-thumbnail size-thumbnail\" alt=\"\" loading=\"lazy\" \/><\/a>\n\t\t\t<\/div><\/figure><figure class='gallery-item'>\n\t\t\t<div class='gallery-icon landscape'>\n\t\t\t\t<a href='http:\/\/www.ded.ufla.br\/forumsulmineiroinfantil\/index.php\/textos\/90o-forum\/'><img width=\"150\" height=\"150\" src=\"http:\/\/www.ded.ufla.br\/forumsulmineiroinfantil\/wp-content\/uploads\/2016\/03\/90\u00ba-Forum-150x150.jpg\" class=\"attachment-thumbnail size-thumbnail\" alt=\"\" loading=\"lazy\" \/><\/a>\n\t\t\t<\/div><\/figure><figure class='gallery-item'>\n\t\t\t<div class='gallery-icon landscape'>\n\t\t\t\t<a href='http:\/\/www.ded.ufla.br\/forumsulmineiroinfantil\/index.php\/textos\/105o-forum\/'><img width=\"150\" height=\"150\" src=\"http:\/\/www.ded.ufla.br\/forumsulmineiroinfantil\/wp-content\/uploads\/2016\/03\/105\u00ba-Forum-150x150.jpg\" class=\"attachment-thumbnail size-thumbnail\" alt=\"\" loading=\"lazy\" \/><\/a>\n\t\t\t<\/div><\/figure><figure class='gallery-item'>\n\t\t\t<div class='gallery-icon landscape'>\n\t\t\t\t<a href='http:\/\/www.ded.ufla.br\/forumsulmineiroinfantil\/index.php\/textos\/108o-forum\/'><img width=\"150\" height=\"150\" src=\"http:\/\/www.ded.ufla.br\/forumsulmineiroinfantil\/wp-content\/uploads\/2016\/03\/108\u00ba-Forum-150x150.jpg\" class=\"attachment-thumbnail size-thumbnail\" alt=\"\" loading=\"lazy\" \/><\/a>\n\t\t\t<\/div><\/figure><figure class='gallery-item'>\n\t\t\t<div class='gallery-icon landscape'>\n\t\t\t\t<a href='http:\/\/www.ded.ufla.br\/forumsulmineiroinfantil\/index.php\/textos\/111o-forum\/'><img width=\"150\" height=\"150\" src=\"http:\/\/www.ded.ufla.br\/forumsulmineiroinfantil\/wp-content\/uploads\/2016\/03\/111\u00ba-F\u00f3rum-150x150.jpg\" class=\"attachment-thumbnail size-thumbnail\" alt=\"\" loading=\"lazy\" \/><\/a>\n\t\t\t<\/div><\/figure><figure class='gallery-item'>\n\t\t\t<div class='gallery-icon landscape'>\n\t\t\t\t<a href='http:\/\/www.ded.ufla.br\/forumsulmineiroinfantil\/index.php\/textos\/102o-forum\/'><img width=\"150\" height=\"150\" src=\"http:\/\/www.ded.ufla.br\/forumsulmineiroinfantil\/wp-content\/uploads\/2016\/03\/102\u00ba-Forum-150x150.jpg\" class=\"attachment-thumbnail size-thumbnail\" alt=\"\" loading=\"lazy\" \/><\/a>\n\t\t\t<\/div><\/figure><figure class='gallery-item'>\n\t\t\t<div class='gallery-icon portrait'>\n\t\t\t\t<a href='http:\/\/www.ded.ufla.br\/forumsulmineiroinfantil\/index.php\/textos\/93o-forum\/'><img width=\"150\" height=\"150\" src=\"http:\/\/www.ded.ufla.br\/forumsulmineiroinfantil\/wp-content\/uploads\/2016\/03\/93\u00ba-Forum-150x150.jpg\" class=\"attachment-thumbnail size-thumbnail\" alt=\"\" loading=\"lazy\" \/><\/a>\n\t\t\t<\/div><\/figure><figure class='gallery-item'>\n\t\t\t<div class='gallery-icon landscape'>\n\t\t\t\t<a href='http:\/\/www.ded.ufla.br\/forumsulmineiroinfantil\/index.php\/textos\/118-forum\/'><img width=\"150\" height=\"150\" src=\"http:\/\/www.ded.ufla.br\/forumsulmineiroinfantil\/wp-content\/uploads\/2016\/03\/118-F\u00f3rum-150x150.jpg\" class=\"attachment-thumbnail size-thumbnail\" alt=\"\" loading=\"lazy\" \/><\/a>\n\t\t\t<\/div><\/figure><figure class='gallery-item'>\n\t\t\t<div class='gallery-icon landscape'>\n\t\t\t\t<a href='http:\/\/www.ded.ufla.br\/forumsulmineiroinfantil\/index.php\/textos\/forum_educacao-115-ufla\/'><img width=\"150\" height=\"150\" src=\"http:\/\/www.ded.ufla.br\/forumsulmineiroinfantil\/wp-content\/uploads\/2016\/03\/forum_educacao-115-Ufla-150x150.jpg\" class=\"attachment-thumbnail size-thumbnail\" alt=\"\" loading=\"lazy\" \/><\/a>\n\t\t\t<\/div><\/figure><figure class='gallery-item'>\n\t\t\t<div class='gallery-icon landscape'>\n\t\t\t\t<a href='http:\/\/www.ded.ufla.br\/forumsulmineiroinfantil\/index.php\/textos\/120o-forum\/'><img width=\"150\" height=\"150\" src=\"http:\/\/www.ded.ufla.br\/forumsulmineiroinfantil\/wp-content\/uploads\/2016\/03\/120\u00ba-Forum-150x150.jpg\" class=\"attachment-thumbnail size-thumbnail\" alt=\"\" loading=\"lazy\" \/><\/a>\n\t\t\t<\/div><\/figure><figure class='gallery-item'>\n\t\t\t<div class='gallery-icon landscape'>\n\t\t\t\t<a href='http:\/\/www.ded.ufla.br\/forumsulmineiroinfantil\/index.php\/textos\/116o-forum-nepomuceno\/'><img width=\"150\" height=\"150\" src=\"http:\/\/www.ded.ufla.br\/forumsulmineiroinfantil\/wp-content\/uploads\/2016\/03\/116\u00ba-F\u00f3rum-Nepomuceno-150x150.jpg\" class=\"attachment-thumbnail size-thumbnail\" alt=\"\" loading=\"lazy\" \/><\/a>\n\t\t\t<\/div><\/figure>\n\t\t<\/div>\n\n","protected":false},"excerpt":{"rendered":"<p>Base Nacional Comum Curricular CARTA SOROCABA 128\u00ba encontro &#8211; O l\u00fadico na EI 127\u00ba\u00a0forumtrabalhosemgrupo 127\u00ba FSMEI TP Apresenta\u00e7\u00e3o 126\u00ba\u00a0Carta de Carrancas FSMEI\u00a0&#8211; Posicionamento do FSMEI em rela\u00e7\u00e3o a 3\u00aa vers\u00e3o da BNCC 125\u00ba Borbulhando enfrentamentos \u00e0s viol\u00eancias sexuais nas inf\u00e2ncias no sul de MG Posi\u00e7\u00e3o do ProjetoLeitura e Escrita na EI sobre BNCC 118\u00ba F\u00d3RUM &hellip; <a href=\"http:\/\/www.ded.ufla.br\/forumsulmineiroinfantil\/index.php\/textos\/\" class=\"more-link\">Continue lendo <span class=\"screen-reader-text\">Textos<\/span> <span class=\"meta-nav\">&rarr;<\/span><\/a><\/p>\n","protected":false},"author":4,"featured_media":0,"parent":0,"menu_order":0,"comment_status":"closed","ping_status":"closed","template":"","meta":[],"_links":{"self":[{"href":"http:\/\/www.ded.ufla.br\/forumsulmineiroinfantil\/index.php\/wp-json\/wp\/v2\/pages\/21"}],"collection":[{"href":"http:\/\/www.ded.ufla.br\/forumsulmineiroinfantil\/index.php\/wp-json\/wp\/v2\/pages"}],"about":[{"href":"http:\/\/www.ded.ufla.br\/forumsulmineiroinfantil\/index.php\/wp-json\/wp\/v2\/types\/page"}],"author":[{"embeddable":true,"href":"http:\/\/www.ded.ufla.br\/forumsulmineiroinfantil\/index.php\/wp-json\/wp\/v2\/users\/4"}],"replies":[{"embeddable":true,"href":"http:\/\/www.ded.ufla.br\/forumsulmineiroinfantil\/index.php\/wp-json\/wp\/v2\/comments?post=21"}],"version-history":[{"count":8,"href":"http:\/\/www.ded.ufla.br\/forumsulmineiroinfantil\/index.php\/wp-json\/wp\/v2\/pages\/21\/revisions"}],"predecessor-version":[{"id":230,"href":"http:\/\/www.ded.ufla.br\/forumsulmineiroinfantil\/index.php\/wp-json\/wp\/v2\/pages\/21\/revisions\/230"}],"wp:attachment":[{"href":"http:\/\/www.ded.ufla.br\/forumsulmineiroinfantil\/index.php\/wp-json\/wp\/v2\/media?parent=21"}],"curies":[{"name":"wp","href":"https:\/\/api.w.org\/{rel}","templated":true}]}}