{"id":8,"date":"2016-03-14T13:57:45","date_gmt":"2016-03-14T13:57:45","guid":{"rendered":"http:\/\/www.ded.ufla.br\/forumsulmineiroinfantil\/?page_id=8"},"modified":"2017-06-01T20:50:47","modified_gmt":"2017-06-01T20:50:47","slug":"historico","status":"publish","type":"page","link":"http:\/\/www.ded.ufla.br\/forumsulmineiroinfantil\/index.php\/historico\/","title":{"rendered":"Hist\u00f3rico"},"content":{"rendered":"<div class=\"snvdshc\"><div class=\"synved-tab-list synved-tab-list-nojs ui-tabs ui-widget ui-widget-content ui-corner-all synved-content-scrollable\" id=\"synved-tabs-1\"><ul class=\"ui-tabs-nav ui-helper-clearfix ui-helper-reset ui-widget-header ui-corner-all\"><li class=\"tab-title ui-corner-top ui-tabs-selected ui-tabs-active ui-state-active synved-tab-title-127o\"><a title=\"\" href=\"#synved-tabs-1-0\">127\u00ba<\/a><\/li><li class=\"tab-title ui-corner-top ui-state-default synved-tab-title-historico2\"><a title=\"\" href=\"#synved-tabs-1-1\">Hist\u00f3rico2<\/a><\/li><li class=\"tab-title ui-corner-top ui-state-default synved-tab-title-fotos\"><a title=\"\" href=\"#synved-tabs-1-2\">FOTOS<\/a><\/li><\/ul><div class=\"tab-body ui-tabs-panel ui-widget-content ui-corner-bottom synved-tab-title-127o\" id=\"synved-tabs-1-0\"><\/p>\n<p><a href=\"http:\/\/www.ded.ufla.br\/forumsulmineiroinfantil\/wp-content\/uploads\/2016\/03\/18882242_808628349318531_7866671505464080499_n.jpg\"><img loading=\"lazy\" class=\"alignnone size-full wp-image-214\" src=\"http:\/\/www.ded.ufla.br\/forumsulmineiroinfantil\/wp-content\/uploads\/2016\/03\/18882242_808628349318531_7866671505464080499_n.jpg\" alt=\"\" width=\"200\" height=\"200\" srcset=\"http:\/\/www.ded.ufla.br\/forumsulmineiroinfantil\/wp-content\/uploads\/2016\/03\/18882242_808628349318531_7866671505464080499_n.jpg 200w, http:\/\/www.ded.ufla.br\/forumsulmineiroinfantil\/wp-content\/uploads\/2016\/03\/18882242_808628349318531_7866671505464080499_n-150x150.jpg 150w\" sizes=\"(max-width: 200px) 100vw, 200px\" \/><\/a> <a href=\"http:\/\/www.ded.ufla.br\/forumsulmineiroinfantil\/wp-content\/uploads\/2016\/03\/18881999_808628215985211_137774306646129726_n.jpg\"><img loading=\"lazy\" class=\"alignnone size-full wp-image-213\" src=\"http:\/\/www.ded.ufla.br\/forumsulmineiroinfantil\/wp-content\/uploads\/2016\/03\/18881999_808628215985211_137774306646129726_n.jpg\" alt=\"\" width=\"200\" height=\"200\" srcset=\"http:\/\/www.ded.ufla.br\/forumsulmineiroinfantil\/wp-content\/uploads\/2016\/03\/18881999_808628215985211_137774306646129726_n.jpg 200w, http:\/\/www.ded.ufla.br\/forumsulmineiroinfantil\/wp-content\/uploads\/2016\/03\/18881999_808628215985211_137774306646129726_n-150x150.jpg 150w\" sizes=\"(max-width: 200px) 100vw, 200px\" \/><\/a> <a href=\"http:\/\/www.ded.ufla.br\/forumsulmineiroinfantil\/wp-content\/uploads\/2016\/03\/18881902_808636902651009_6216038387866225068_n.jpg\"><img loading=\"lazy\" class=\"alignnone size-full wp-image-212\" src=\"http:\/\/www.ded.ufla.br\/forumsulmineiroinfantil\/wp-content\/uploads\/2016\/03\/18881902_808636902651009_6216038387866225068_n.jpg\" alt=\"\" width=\"200\" height=\"200\" srcset=\"http:\/\/www.ded.ufla.br\/forumsulmineiroinfantil\/wp-content\/uploads\/2016\/03\/18881902_808636902651009_6216038387866225068_n.jpg 200w, http:\/\/www.ded.ufla.br\/forumsulmineiroinfantil\/wp-content\/uploads\/2016\/03\/18881902_808636902651009_6216038387866225068_n-150x150.jpg 150w\" sizes=\"(max-width: 200px) 100vw, 200px\" \/><\/a> <a href=\"http:\/\/www.ded.ufla.br\/forumsulmineiroinfantil\/wp-content\/uploads\/2016\/03\/18839384_808628485985184_6628756054878023930_n.jpg\"><img loading=\"lazy\" class=\"alignnone size-full wp-image-211\" src=\"http:\/\/www.ded.ufla.br\/forumsulmineiroinfantil\/wp-content\/uploads\/2016\/03\/18839384_808628485985184_6628756054878023930_n.jpg\" alt=\"\" width=\"200\" height=\"200\" srcset=\"http:\/\/www.ded.ufla.br\/forumsulmineiroinfantil\/wp-content\/uploads\/2016\/03\/18839384_808628485985184_6628756054878023930_n.jpg 200w, http:\/\/www.ded.ufla.br\/forumsulmineiroinfantil\/wp-content\/uploads\/2016\/03\/18839384_808628485985184_6628756054878023930_n-150x150.jpg 150w\" sizes=\"(max-width: 200px) 100vw, 200px\" \/><\/a> <a href=\"http:\/\/www.ded.ufla.br\/forumsulmineiroinfantil\/wp-content\/uploads\/2016\/03\/18839071_808633155984717_3300314478536082995_n.jpg\"><img loading=\"lazy\" class=\"alignnone size-full wp-image-210\" src=\"http:\/\/www.ded.ufla.br\/forumsulmineiroinfantil\/wp-content\/uploads\/2016\/03\/18839071_808633155984717_3300314478536082995_n.jpg\" alt=\"\" width=\"200\" height=\"200\" srcset=\"http:\/\/www.ded.ufla.br\/forumsulmineiroinfantil\/wp-content\/uploads\/2016\/03\/18839071_808633155984717_3300314478536082995_n.jpg 200w, http:\/\/www.ded.ufla.br\/forumsulmineiroinfantil\/wp-content\/uploads\/2016\/03\/18839071_808633155984717_3300314478536082995_n-150x150.jpg 150w\" sizes=\"(max-width: 200px) 100vw, 200px\" \/><\/a> <a href=\"http:\/\/www.ded.ufla.br\/forumsulmineiroinfantil\/wp-content\/uploads\/2016\/03\/18838852_808635075984525_7487453928766688738_n.jpg\"><img loading=\"lazy\" class=\"alignnone size-full wp-image-205\" src=\"http:\/\/www.ded.ufla.br\/forumsulmineiroinfantil\/wp-content\/uploads\/2016\/03\/18838852_808635075984525_7487453928766688738_n.jpg\" alt=\"\" width=\"200\" height=\"200\" srcset=\"http:\/\/www.ded.ufla.br\/forumsulmineiroinfantil\/wp-content\/uploads\/2016\/03\/18838852_808635075984525_7487453928766688738_n.jpg 200w, http:\/\/www.ded.ufla.br\/forumsulmineiroinfantil\/wp-content\/uploads\/2016\/03\/18838852_808635075984525_7487453928766688738_n-150x150.jpg 150w\" sizes=\"(max-width: 200px) 100vw, 200px\" \/><\/a> <a href=\"http:\/\/www.ded.ufla.br\/forumsulmineiroinfantil\/wp-content\/uploads\/2016\/03\/18838968_808627089318657_4746846007749105160_n.jpg\"><img loading=\"lazy\" class=\"alignnone size-full wp-image-207\" src=\"http:\/\/www.ded.ufla.br\/forumsulmineiroinfantil\/wp-content\/uploads\/2016\/03\/18838968_808627089318657_4746846007749105160_n.jpg\" alt=\"\" width=\"200\" height=\"200\" srcset=\"http:\/\/www.ded.ufla.br\/forumsulmineiroinfantil\/wp-content\/uploads\/2016\/03\/18838968_808627089318657_4746846007749105160_n.jpg 200w, http:\/\/www.ded.ufla.br\/forumsulmineiroinfantil\/wp-content\/uploads\/2016\/03\/18838968_808627089318657_4746846007749105160_n-150x150.jpg 150w\" sizes=\"(max-width: 200px) 100vw, 200px\" \/><\/a> <a href=\"http:\/\/www.ded.ufla.br\/forumsulmineiroinfantil\/wp-content\/uploads\/2016\/03\/18838971_808630389318327_6332806370038833302_n.jpg\"><img loading=\"lazy\" class=\"alignnone size-full wp-image-208\" src=\"http:\/\/www.ded.ufla.br\/forumsulmineiroinfantil\/wp-content\/uploads\/2016\/03\/18838971_808630389318327_6332806370038833302_n.jpg\" alt=\"\" width=\"200\" height=\"200\" srcset=\"http:\/\/www.ded.ufla.br\/forumsulmineiroinfantil\/wp-content\/uploads\/2016\/03\/18838971_808630389318327_6332806370038833302_n.jpg 200w, http:\/\/www.ded.ufla.br\/forumsulmineiroinfantil\/wp-content\/uploads\/2016\/03\/18838971_808630389318327_6332806370038833302_n-150x150.jpg 150w\" sizes=\"(max-width: 200px) 100vw, 200px\" \/><\/a> <a href=\"http:\/\/www.ded.ufla.br\/forumsulmineiroinfantil\/wp-content\/uploads\/2016\/03\/18838984_808631885984844_4506772585311950227_n.jpg\"><img loading=\"lazy\" class=\"alignnone size-full wp-image-209\" src=\"http:\/\/www.ded.ufla.br\/forumsulmineiroinfantil\/wp-content\/uploads\/2016\/03\/18838984_808631885984844_4506772585311950227_n.jpg\" alt=\"\" width=\"200\" height=\"200\" srcset=\"http:\/\/www.ded.ufla.br\/forumsulmineiroinfantil\/wp-content\/uploads\/2016\/03\/18838984_808631885984844_4506772585311950227_n.jpg 200w, http:\/\/www.ded.ufla.br\/forumsulmineiroinfantil\/wp-content\/uploads\/2016\/03\/18838984_808631885984844_4506772585311950227_n-150x150.jpg 150w\" sizes=\"(max-width: 200px) 100vw, 200px\" \/><\/a> <a href=\"http:\/\/www.ded.ufla.br\/forumsulmineiroinfantil\/wp-content\/uploads\/2016\/03\/18836090_808635275984505_832376772430459272_n.jpg\"><img loading=\"lazy\" class=\"alignnone size-full wp-image-204\" src=\"http:\/\/www.ded.ufla.br\/forumsulmineiroinfantil\/wp-content\/uploads\/2016\/03\/18836090_808635275984505_832376772430459272_n.jpg\" alt=\"\" width=\"200\" height=\"200\" srcset=\"http:\/\/www.ded.ufla.br\/forumsulmineiroinfantil\/wp-content\/uploads\/2016\/03\/18836090_808635275984505_832376772430459272_n.jpg 200w, http:\/\/www.ded.ufla.br\/forumsulmineiroinfantil\/wp-content\/uploads\/2016\/03\/18836090_808635275984505_832376772430459272_n-150x150.jpg 150w\" sizes=\"(max-width: 200px) 100vw, 200px\" \/><\/a> <a href=\"http:\/\/www.ded.ufla.br\/forumsulmineiroinfantil\/wp-content\/uploads\/2016\/03\/18835995_808626832652016_6790943321830931036_n.jpg\"><img loading=\"lazy\" class=\"alignnone size-full wp-image-202\" src=\"http:\/\/www.ded.ufla.br\/forumsulmineiroinfantil\/wp-content\/uploads\/2016\/03\/18835995_808626832652016_6790943321830931036_n.jpg\" alt=\"\" width=\"200\" height=\"200\" srcset=\"http:\/\/www.ded.ufla.br\/forumsulmineiroinfantil\/wp-content\/uploads\/2016\/03\/18835995_808626832652016_6790943321830931036_n.jpg 200w, http:\/\/www.ded.ufla.br\/forumsulmineiroinfantil\/wp-content\/uploads\/2016\/03\/18835995_808626832652016_6790943321830931036_n-150x150.jpg 150w\" sizes=\"(max-width: 200px) 100vw, 200px\" \/><\/a> <a href=\"http:\/\/www.ded.ufla.br\/forumsulmineiroinfantil\/wp-content\/uploads\/2016\/03\/18700343_808635562651143_5940351533173507668_n.jpg\"><img loading=\"lazy\" class=\"alignnone size-full wp-image-200\" src=\"http:\/\/www.ded.ufla.br\/forumsulmineiroinfantil\/wp-content\/uploads\/2016\/03\/18700343_808635562651143_5940351533173507668_n.jpg\" alt=\"\" width=\"200\" height=\"200\" srcset=\"http:\/\/www.ded.ufla.br\/forumsulmineiroinfantil\/wp-content\/uploads\/2016\/03\/18700343_808635562651143_5940351533173507668_n.jpg 200w, http:\/\/www.ded.ufla.br\/forumsulmineiroinfantil\/wp-content\/uploads\/2016\/03\/18700343_808635562651143_5940351533173507668_n-150x150.jpg 150w\" sizes=\"(max-width: 200px) 100vw, 200px\" \/><\/a> <a href=\"http:\/\/www.ded.ufla.br\/forumsulmineiroinfantil\/wp-content\/uploads\/2016\/03\/18767631_808628032651896_1601711633890715288_n.jpg\"><img loading=\"lazy\" class=\"alignnone size-full wp-image-215\" src=\"http:\/\/www.ded.ufla.br\/forumsulmineiroinfantil\/wp-content\/uploads\/2016\/03\/18767631_808628032651896_1601711633890715288_n.jpg\" alt=\"\" width=\"200\" height=\"200\" srcset=\"http:\/\/www.ded.ufla.br\/forumsulmineiroinfantil\/wp-content\/uploads\/2016\/03\/18767631_808628032651896_1601711633890715288_n.jpg 200w, http:\/\/www.ded.ufla.br\/forumsulmineiroinfantil\/wp-content\/uploads\/2016\/03\/18767631_808628032651896_1601711633890715288_n-150x150.jpg 150w\" sizes=\"(max-width: 200px) 100vw, 200px\" \/><\/a> <a href=\"http:\/\/www.ded.ufla.br\/forumsulmineiroinfantil\/wp-content\/uploads\/2016\/03\/18767644_808632035984829_8333663898173184860_n.jpg\"><img loading=\"lazy\" class=\"alignnone size-large wp-image-216\" src=\"http:\/\/www.ded.ufla.br\/forumsulmineiroinfantil\/wp-content\/uploads\/2016\/03\/18767644_808632035984829_8333663898173184860_n.jpg\" alt=\"\" width=\"200\" height=\"200\" srcset=\"http:\/\/www.ded.ufla.br\/forumsulmineiroinfantil\/wp-content\/uploads\/2016\/03\/18767644_808632035984829_8333663898173184860_n.jpg 200w, http:\/\/www.ded.ufla.br\/forumsulmineiroinfantil\/wp-content\/uploads\/2016\/03\/18767644_808632035984829_8333663898173184860_n-150x150.jpg 150w\" sizes=\"(max-width: 200px) 100vw, 200px\" \/><\/a> <a href=\"http:\/\/www.ded.ufla.br\/forumsulmineiroinfantil\/wp-content\/uploads\/2016\/03\/18767698_808628502651849_377318478483097836_n.jpg\"><img loading=\"lazy\" class=\"alignnone size-large wp-image-217\" src=\"http:\/\/www.ded.ufla.br\/forumsulmineiroinfantil\/wp-content\/uploads\/2016\/03\/18767698_808628502651849_377318478483097836_n.jpg\" alt=\"\" width=\"200\" height=\"200\" srcset=\"http:\/\/www.ded.ufla.br\/forumsulmineiroinfantil\/wp-content\/uploads\/2016\/03\/18767698_808628502651849_377318478483097836_n.jpg 200w, http:\/\/www.ded.ufla.br\/forumsulmineiroinfantil\/wp-content\/uploads\/2016\/03\/18767698_808628502651849_377318478483097836_n-150x150.jpg 150w\" sizes=\"(max-width: 200px) 100vw, 200px\" \/><\/a><a href=\"http:\/\/www.ded.ufla.br\/forumsulmineiroinfantil\/wp-content\/uploads\/2016\/03\/18700350_808628212651878_2676300349169435068_n.jpg\"><img loading=\"lazy\" class=\"alignnone size-full wp-image-201\" src=\"http:\/\/www.ded.ufla.br\/forumsulmineiroinfantil\/wp-content\/uploads\/2016\/03\/18700350_808628212651878_2676300349169435068_n.jpg\" alt=\"\" width=\"200\" height=\"200\" srcset=\"http:\/\/www.ded.ufla.br\/forumsulmineiroinfantil\/wp-content\/uploads\/2016\/03\/18700350_808628212651878_2676300349169435068_n.jpg 200w, http:\/\/www.ded.ufla.br\/forumsulmineiroinfantil\/wp-content\/uploads\/2016\/03\/18700350_808628212651878_2676300349169435068_n-150x150.jpg 150w\" sizes=\"(max-width: 200px) 100vw, 200px\" \/><\/a><\/p>\n<p>Hist\u00f3rico Hist\u00f3rico<\/p>\n<p><\/div><div class=\"tab-body ui-tabs-panel ui-widget-content ui-corner-bottom synved-tab-title-historico2\" id=\"synved-tabs-1-1\"><\/p>\n<p>Hist\u00f3rico Hist\u00f3rico Hist\u00f3rico<\/p>\n<p><\/div><div class=\"tab-body ui-tabs-panel ui-widget-content ui-corner-bottom synved-tab-title-fotos\" id=\"synved-tabs-1-2\"><\/p>\n<p><img loading=\"lazy\" class=\" wp-image-37 alignleft\" src=\"http:\/\/www.ded.ufla.br\/forumsulmineiroinfantil\/wp-content\/uploads\/2016\/03\/ifnantil-300x268.jpg\" alt=\"F\u00f3rum Sul Mineiro de Educa\u00e7\u00e3o Infantil\" width=\"138\" height=\"123\" srcset=\"http:\/\/www.ded.ufla.br\/forumsulmineiroinfantil\/wp-content\/uploads\/2016\/03\/ifnantil-300x268.jpg 300w, http:\/\/www.ded.ufla.br\/forumsulmineiroinfantil\/wp-content\/uploads\/2016\/03\/ifnantil-768x686.jpg 768w, http:\/\/www.ded.ufla.br\/forumsulmineiroinfantil\/wp-content\/uploads\/2016\/03\/ifnantil.jpg 900w\" sizes=\"(max-width: 138px) 100vw, 138px\" \/><\/p>\n<p>&nbsp;<\/p>\n<p>&nbsp;<\/p>\n<p>&nbsp;<\/p>\n<p><\/div><\/div><\/div>\n","protected":false},"excerpt":{"rendered":"","protected":false},"author":4,"featured_media":0,"parent":0,"menu_order":0,"comment_status":"closed","ping_status":"closed","template":"","meta":[],"_links":{"self":[{"href":"http:\/\/www.ded.ufla.br\/forumsulmineiroinfantil\/index.php\/wp-json\/wp\/v2\/pages\/8"}],"collection":[{"href":"http:\/\/www.ded.ufla.br\/forumsulmineiroinfantil\/index.php\/wp-json\/wp\/v2\/pages"}],"about":[{"href":"http:\/\/www.ded.ufla.br\/forumsulmineiroinfantil\/index.php\/wp-json\/wp\/v2\/types\/page"}],"author":[{"embeddable":true,"href":"http:\/\/www.ded.ufla.br\/forumsulmineiroinfantil\/index.php\/wp-json\/wp\/v2\/users\/4"}],"replies":[{"embeddable":true,"href":"http:\/\/www.ded.ufla.br\/forumsulmineiroinfantil\/index.php\/wp-json\/wp\/v2\/comments?post=8"}],"version-history":[{"count":9,"href":"http:\/\/www.ded.ufla.br\/forumsulmineiroinfantil\/index.php\/wp-json\/wp\/v2\/pages\/8\/revisions"}],"predecessor-version":[{"id":218,"href":"http:\/\/www.ded.ufla.br\/forumsulmineiroinfantil\/index.php\/wp-json\/wp\/v2\/pages\/8\/revisions\/218"}],"wp:attachment":[{"href":"http:\/\/www.ded.ufla.br\/forumsulmineiroinfantil\/index.php\/wp-json\/wp\/v2\/media?parent=8"}],"curies":[{"name":"wp","href":"https:\/\/api.w.org\/{rel}","templated":true}]}}